{"id":10502,"date":"2021-11-02T12:25:07","date_gmt":"2021-11-02T11:25:07","guid":{"rendered":"https:\/\/www.jeanologia.com\/?page_id=10502"},"modified":"2021-11-02T14:08:04","modified_gmt":"2021-11-02T13:08:04","slug":"nuevo-sistema-ecologico","status":"publish","type":"page","link":"https:\/\/www.jeanologia.com\/es\/nuevo-sistema-ecologico\/","title":{"rendered":"Nuevo Sistema Ecol\u00f3gico"},"content":{"rendered":"<p><strong>JEANOLOGIA<\/strong><strong> S.L.<\/strong> ha recibido una ayuda para su proyecto de Investigaci\u00f3n y Desarrollo <strong>\u201cNUEVO SISTEMA ECOL\u00d3GICO Y COMPACTO DE DESENCOLADO Y ESTABILIZACI\u00d3N DIMENSIONAL DE TEJIDO (IDI-20200279)\u201d <\/strong>a trav\u00e9s del Centro para el Desarrollo Tecnol\u00f3gico Industrial (CDTI), ayuda cofinanciada por el Fondo Europeo de Desarrollo Regional (FEDER) a trav\u00e9s del Programa Operativo Plurirregional de Espa\u00f1a 2014-2020. El proyecto se ha desarrollado en Paterna (Valencia), durante el periodo 09\/12\/2019 al 31\/03\/2021, contando con un presupuesto de 507,751\u20ac para su ejecuci\u00f3n.<\/p>\n<p>El objetivo del proyecto es el desarrollo de una nueva tecnolog\u00eda compacta y ecol\u00f3gica, que permita la realizaci\u00f3n de los tratamientos de desencolado y estabilizaci\u00f3n de tejidos eliminando sustancias contaminantes, reduciendo el consumo de agua y energ\u00eda y reduciendo el espacio ocupado por los actuales procesos.<img loading=\"lazy\" decoding=\"async\" class=\"alignnone wp-image-10553 size-large\" src=\"https:\/\/www.jeanologia.com\/wp-content\/uploads\/2021\/11\/MicrosoftTeams-image-14-1024x200.png\" alt=\"\" width=\"1024\" height=\"200\" srcset=\"https:\/\/www.jeanologia.com\/wp-content\/uploads\/2021\/11\/MicrosoftTeams-image-14-1024x200.png 1024w, https:\/\/www.jeanologia.com\/wp-content\/uploads\/2021\/11\/MicrosoftTeams-image-14-300x59.png 300w, https:\/\/www.jeanologia.com\/wp-content\/uploads\/2021\/11\/MicrosoftTeams-image-14-768x150.png 768w, https:\/\/www.jeanologia.com\/wp-content\/uploads\/2021\/11\/MicrosoftTeams-image-14-1536x300.png 1536w, https:\/\/www.jeanologia.com\/wp-content\/uploads\/2021\/11\/MicrosoftTeams-image-14.png 1920w\" sizes=\"auto, (max-width: 1024px) 100vw, 1024px\" \/><\/p>\n","protected":false},"excerpt":{"rendered":"<p>JEANOLOGIA S.L. ha recibido una ayuda para su proyecto de Investigaci\u00f3n y Desarrollo \u201cNUEVO SISTEMA ECOL\u00d3GICO Y COMPACTO DE DESENCOLADO Y ESTABILIZACI\u00d3N DIMENSIONAL DE TEJIDO (IDI-20200279)\u201d a trav\u00e9s del Centro para el Desarrollo Tecnol\u00f3gico Industrial (CDTI), ayuda cofinanciada por el Fondo Europeo de Desarrollo Regional (FEDER) a trav\u00e9s del Programa Operativo Plurirregional de Espa\u00f1a 2014-2020. &hellip; <a href=\"https:\/\/www.jeanologia.com\/es\/nuevo-sistema-ecologico\/\">Continuado<\/a><\/p>\n","protected":false},"author":2,"featured_media":0,"parent":0,"menu_order":0,"comment_status":"closed","ping_status":"closed","template":"","meta":{"footnotes":""},"class_list":["post-10502","page","type-page","status-publish","hentry"],"_links":{"self":[{"href":"https:\/\/www.jeanologia.com\/es\/wp-json\/wp\/v2\/pages\/10502","targetHints":{"allow":["GET"]}}],"collection":[{"href":"https:\/\/www.jeanologia.com\/es\/wp-json\/wp\/v2\/pages"}],"about":[{"href":"https:\/\/www.jeanologia.com\/es\/wp-json\/wp\/v2\/types\/page"}],"author":[{"embeddable":true,"href":"https:\/\/www.jeanologia.com\/es\/wp-json\/wp\/v2\/users\/2"}],"replies":[{"embeddable":true,"href":"https:\/\/www.jeanologia.com\/es\/wp-json\/wp\/v2\/comments?post=10502"}],"version-history":[{"count":10,"href":"https:\/\/www.jeanologia.com\/es\/wp-json\/wp\/v2\/pages\/10502\/revisions"}],"predecessor-version":[{"id":11687,"href":"https:\/\/www.jeanologia.com\/es\/wp-json\/wp\/v2\/pages\/10502\/revisions\/11687"}],"wp:attachment":[{"href":"https:\/\/www.jeanologia.com\/es\/wp-json\/wp\/v2\/media?parent=10502"}],"curies":[{"name":"wp","href":"https:\/\/api.w.org\/{rel}","templated":true}]}}